{"id":95,"date":"2018-09-29T04:08:36","date_gmt":"2018-09-29T04:08:36","guid":{"rendered":"http:\/\/inserc.com.mx\/?page_id=95"},"modified":"2019-08-09T17:53:08","modified_gmt":"2019-08-09T17:53:08","slug":"expertos-en","status":"publish","type":"page","link":"https:\/\/inserc.com.mx\/?page_id=95","title":{"rendered":"Expertos en"},"content":{"rendered":"<p><img loading=\"lazy\" class=\"size-full wp-image-100 aligncenter\" src=\"http:\/\/inserc.com.mx\/wp-content\/uploads\/2018\/09\/Imagen1.jpg\" alt=\"\" width=\"270\" height=\"142\" \/><\/p>\n<p style=\"text-align: center;\"><span style=\"vertical-align: inherit;\"><span style=\"vertical-align: inherit;\">Implementaci\u00f3n de Redes Empresariales.<\/span><\/span><\/p>\n<p><img loading=\"lazy\" class=\"size-medium wp-image-193 aligncenter\" src=\"https:\/\/inserc.com.mx\/wp-content\/uploads\/2019\/08\/Imagen1-300x165.png\" alt=\"\" width=\"300\" height=\"165\" srcset=\"https:\/\/inserc.com.mx\/wp-content\/uploads\/2019\/08\/Imagen1-300x165.png 300w, https:\/\/inserc.com.mx\/wp-content\/uploads\/2019\/08\/Imagen1.png 304w\" sizes=\"(max-width: 300px) 100vw, 300px\" \/><\/p>\n<p style=\"text-align: center;\"><span style=\"vertical-align: inherit;\"><span style=\"vertical-align: inherit;\">Desarrollo de software a la medida.<\/span><\/span><\/p>\n<p><img loading=\"lazy\" class=\"size-full wp-image-110 aligncenter\" src=\"http:\/\/inserc.com.mx\/wp-content\/uploads\/2018\/09\/Imagen5.jpg\" alt=\"\" width=\"195\" height=\"129\" \/><\/p>\n<p style=\"text-align: center;\"><span style=\"vertical-align: inherit;\"><span style=\"vertical-align: inherit;\">Comunicaciones Unificadas.<\/span><\/span><\/p>\n<p><img loading=\"lazy\" class=\"size-full wp-image-112 aligncenter\" src=\"http:\/\/inserc.com.mx\/wp-content\/uploads\/2018\/09\/Imagen6.png\" alt=\"\" width=\"102\" height=\"109\" \/><\/p>\n<p style=\"text-align: center;\"><span style=\"vertical-align: inherit;\"><span style=\"vertical-align: inherit;\">Virtualizaci\u00f3n<\/span><\/span><\/p>\n<p><img loading=\"lazy\" class=\"size-full wp-image-114 aligncenter\" src=\"http:\/\/inserc.com.mx\/wp-content\/uploads\/2018\/09\/Imagen7.png\" alt=\"\" width=\"230\" height=\"108\" \/><\/p>\n<p style=\"text-align: center;\"><span style=\"vertical-align: inherit;\"><span style=\"vertical-align: inherit;\">Respaldos en la Nube y en Sitio.<\/span><\/span><\/p>\n<p><img loading=\"lazy\" class=\"size-full wp-image-116 aligncenter\" src=\"http:\/\/inserc.com.mx\/wp-content\/uploads\/2018\/09\/Imagen8.png\" alt=\"\" width=\"234\" height=\"131\" \/><\/p>\n<p style=\"text-align: center;\"><span style=\"vertical-align: inherit;\"><span style=\"vertical-align: inherit;\">Almacenamiento<\/span><\/span><\/p>\n<p><img loading=\"lazy\" class=\"size-medium wp-image-118 aligncenter\" src=\"http:\/\/inserc.com.mx\/wp-content\/uploads\/2018\/09\/Imagen9-300x212.png\" alt=\"\" width=\"300\" height=\"212\" srcset=\"https:\/\/inserc.com.mx\/wp-content\/uploads\/2018\/09\/Imagen9-300x212.png 300w, https:\/\/inserc.com.mx\/wp-content\/uploads\/2018\/09\/Imagen9.png 303w\" sizes=\"(max-width: 300px) 100vw, 300px\" \/><\/p>\n<p style=\"text-align: center;\"><span style=\"vertical-align: inherit;\"><span style=\"vertical-align: inherit;\">Circuito Cerrado de Televisi\u00f3n (CCTV).<\/span><\/span><\/p>\n<p><img loading=\"lazy\" class=\"size-full wp-image-120 aligncenter\" src=\"http:\/\/inserc.com.mx\/wp-content\/uploads\/2018\/09\/Imagen10.jpg\" alt=\"\" width=\"293\" height=\"158\" \/><\/p>\n<p style=\"text-align: center;\"><span style=\"vertical-align: inherit;\"><span style=\"vertical-align: inherit;\">Centro de datos.<\/span><\/span><\/p>\n<p><img loading=\"lazy\" class=\"size-medium wp-image-122 aligncenter\" src=\"http:\/\/inserc.com.mx\/wp-content\/uploads\/2018\/09\/Imagen11-300x200.jpg\" alt=\"\" width=\"300\" height=\"200\" srcset=\"https:\/\/inserc.com.mx\/wp-content\/uploads\/2018\/09\/Imagen11-300x200.jpg 300w, https:\/\/inserc.com.mx\/wp-content\/uploads\/2018\/09\/Imagen11.jpg 324w\" sizes=\"(max-width: 300px) 100vw, 300px\" \/><\/p>\n<p style=\"text-align: center;\"><span style=\"vertical-align: inherit;\"><span style=\"vertical-align: inherit;\">Consultor\u00eda<\/span><\/span><\/p>\n","protected":false},"excerpt":{"rendered":"<p>Implementaci\u00f3n de Redes Empresariales. Desarrollo de software a la medida. Comunicaciones Unificadas. Virtualizaci\u00f3n Respaldos en la Nube y en Sitio. Almacenamiento Circuito Cerrado de Televisi\u00f3n (CCTV). Centro de datos. Consultor\u00eda<\/p>\n","protected":false},"author":1,"featured_media":0,"parent":0,"menu_order":0,"comment_status":"closed","ping_status":"closed","template":"","meta":[],"_links":{"self":[{"href":"https:\/\/inserc.com.mx\/index.php?rest_route=\/wp\/v2\/pages\/95"}],"collection":[{"href":"https:\/\/inserc.com.mx\/index.php?rest_route=\/wp\/v2\/pages"}],"about":[{"href":"https:\/\/inserc.com.mx\/index.php?rest_route=\/wp\/v2\/types\/page"}],"author":[{"embeddable":true,"href":"https:\/\/inserc.com.mx\/index.php?rest_route=\/wp\/v2\/users\/1"}],"replies":[{"embeddable":true,"href":"https:\/\/inserc.com.mx\/index.php?rest_route=%2Fwp%2Fv2%2Fcomments&post=95"}],"version-history":[{"count":16,"href":"https:\/\/inserc.com.mx\/index.php?rest_route=\/wp\/v2\/pages\/95\/revisions"}],"predecessor-version":[{"id":194,"href":"https:\/\/inserc.com.mx\/index.php?rest_route=\/wp\/v2\/pages\/95\/revisions\/194"}],"wp:attachment":[{"href":"https:\/\/inserc.com.mx\/index.php?rest_route=%2Fwp%2Fv2%2Fmedia&parent=95"}],"curies":[{"name":"wp","href":"https:\/\/api.w.org\/{rel}","templated":true}]}}